{"id":1142,"date":"2021-01-08T07:45:26","date_gmt":"2021-01-08T07:45:26","guid":{"rendered":"https:\/\/mahdijaf.smarthost.pl\/fitech-v3\/?page_id=1142"},"modified":"2025-02-11T09:02:24","modified_gmt":"2025-02-11T09:02:24","slug":"privacy-policy-2","status":"publish","type":"page","link":"https:\/\/fitech.pl\/en\/privacy-policy-2\/","title":{"rendered":"Privacy Policy"},"content":{"rendered":"<p>[vc_row el_class=&#8221;slider-wrapper mt-menu desktop desktop-slid one-line&#8221; css=&#8221;.vc_custom_1628503648653{background-image: url(https:\/\/fitech.pl\/wp-content\/uploads\/2021\/01\/Mask-Group-225.jpg?id=776) !important;background-position: center !important;background-repeat: no-repeat !important;background-size: cover !important;}&#8221;][vc_column][vc_row_inner el_class=&#8221;relative slid-cont&#8221;][vc_column_inner][vc_single_image image=&#8221;248&#8243; img_size=&#8221;full&#8221; alignment=&#8221;right&#8221; el_class=&#8221;white-block&#8221;][vc_raw_html]JTNDZGl2JTIwY2xhc3MlM0QlMjJzbGlkZXItdGV4dCUyMiUzRSUwQSUzQ2RpdiUyMGNsYXNzJTNEJTIyYWJzb2x1dGUlMjB0aXRsZSUyMHRpdGxlLXNpbXBsZSUyMiUzRSUwQSUzQ2g0JTIwY2xhc3MlM0QlMjJzbGlkLWNhcCUyMiUzRVByaXZhY3klMjBQb2xpY3klM0MlMkZoNCUzRSUwQSUzQyUyRmRpdiUzRSUwQSUzQyUyRmRpdiUzRQ==[\/vc_raw_html][\/vc_column_inner][\/vc_row_inner][\/vc_column][\/vc_row][vc_row el_class=&#8221;slider-wrapper mt-menu tablet relative one-line&#8221; css=&#8221;.vc_custom_1628503781543{background-position: center !important;background-repeat: no-repeat !important;background-size: cover !important;}&#8221;][vc_column][vc_single_image image=&#8221;776&#8243; img_size=&#8221;full&#8221; alignment=&#8221;right&#8221; el_class=&#8221;tablet&#8221;][vc_row_inner el_class=&#8221;relative&#8221;][vc_column_inner][vc_raw_html]JTNDZGl2JTIwY2xhc3MlM0QlMjJ0YWJsZXQtY29udCUyMiUzRSUwQSUzQ2ltZyUyMHNyYyUzRCUyMmh0dHBzJTNBJTJGJTJGd2ViZmFsY29uLnBsJTJGZGVtbyUyRmZpdGVjaDIlMkZ3cC1jb250ZW50JTJGdXBsb2FkcyUyRjIwMjElMkYwNyUyRjExLnBuZyUyMiUyMGNsYXNzJTNEJTIyd2hpdGUlMjIlM0UlMEElM0NwJTNFUHJpdmFjeSUyMFBvbGljeSUzQyUyRnAlM0UlMEElM0MlMkZkaXYlM0UlMEElMEE=[\/vc_raw_html][\/vc_column_inner][\/vc_row_inner][\/vc_column][\/vc_row][vc_row el_class=&#8221;slider-wrapper mt-menu mobile&#8221; css=&#8221;.vc_custom_1625821349706{background-position: center !important;background-repeat: no-repeat !important;background-size: cover !important;}&#8221;][vc_column][vc_single_image image=&#8221;776&#8243; img_size=&#8221;full&#8221; el_class=&#8221;mobile&#8221;][vc_raw_html]JTNDZGl2JTIwY2xhc3MlM0QlMjJtb2JpbGUtY29udCUyMiUzRSUwQSUzQ2ltZyUyMHNyYyUzRCUyMmh0dHBzJTNBJTJGJTJGd2ViZmFsY29uLnBsJTJGZGVtbyUyRmZpdGVjaDIlMkZ3cC1jb250ZW50JTJGdXBsb2FkcyUyRjIwMjElMkYwNyUyRjEyLnBuZyUyMiUyMGNsYXNzJTNEJTIyd2hpdGUlMjIlM0UlMEElM0NwJTNFUHJpdmFjeSUyMFBvbGljeSUzQyUyRnAlM0UlMEElM0MlMkZkaXYlM0UlMEElMEE=[\/vc_raw_html][\/vc_column][\/vc_row][vc_row css=&#8221;.vc_custom_1609989316348{background-color: #f2f2f2 !important;}&#8221; el_class=&#8221;two-side-padded-row section-mg&#8221;][vc_column][vc_column_text]<\/p>\n<h1 style=\"text-align: center;\">Fitech Privacy Policy<\/h1>\n<p>&nbsp;<\/p>\n<h2 style=\"text-align: center;\"><strong style=\"font-size: 16px;\">\u00a71<\/strong><\/h2>\n<h2 style=\"text-align: center;\"><strong>General Information<\/strong><\/h2>\n<p>&nbsp;<\/p>\n<ol>\n<li>This page informs Users of our privacy policy regarding the collection, use and disclosure of\u00a0Personal Information (\u201c<strong>Personal<\/strong> <strong>Data<\/strong>\u201d) we receive from customers and users of http:\/\/www.fitech.pl (hereinafter: the \u201c<strong>Site<\/strong>\u201d). Customers and users shall be referred to collectively as \u201c<strong>Users<\/strong>\u201d. Like many website operators, we collect information that users intentionally provide upon filling a contact form or provided by \u201ccookies\u201d.<\/li>\n<li>The controller of Personal Data is Fitech Sp. z o. o. with the registered seat in\u00a0Sucha Beskidzka 34-200, Ko\u015bcielna 5, entered into the Register of Entrepreneurs of the National Court Register kept by the District Court for Krak\u00f3w \u2013 \u015ar\u00f3dmie\u015bcie in Krak\u00f3w, 12th Commercial Department of the National Court Register under KRS No. 0000218175, NIP:\u00a05521587849, REGON: 356871093 with share capital of PLN 1,100,000.00 (hereinafter: the &#8220;<strong>Controller<\/strong>&#8220;).<\/li>\n<li>The legal grounds for the processing of Personal Data are:\n<ol>\n<li>the necessity to perform a contract to which User is a party or to which User is\u00a0a\u00a0representative, or to take action at User\u2019s request, prior to the conclusion of the contract (Article 6(1)(b) of the GDPR) &#8211; e.g. placing an order and its performance;<\/li>\n<li>the necessity to fulfil the legal obligation incumbent on the Controller (Article 6(1)(c) of the GDPR) &#8211; e.g. payment of tax on the completed agreement;<\/li>\n<li>User\u2019s expressed consent (Article 6(1)(a) of the GDPR);<\/li>\n<li>the necessity for the purposes of the legitimate interests pursued by the Controller (Article 6(1)(f) of the GDPR).<\/li>\n<\/ol>\n<\/li>\n<li>The purpose of the processing of Personal Data is:\n<ol>\n<li>taking actions aimed at concluding a contract (e.g. handling User\u2019s order and User &#8211; Controller communication);<\/li>\n<li>performance of the agreement (e.g. providing services);<\/li>\n<li>conducting marketing activities (e.g. sending newsletters, trade offers, information about promotional actions, competitions and other events) &#8211; only if User agrees to them;<\/li>\n<li>protection of the legitimate interests pursued by the Controller.<\/li>\n<\/ol>\n<\/li>\n<li>Personal Data will be stored for the time necessary to perform the activities referred to in section 4 above and 7 years after their completion (the limitation period for claims), unless the applicable provisions of law impose on the Controller the obligation or right to store Personal Data for a longer period of time. Personal Data stored for the purposes of sending commercial information and direct marketing will be stored and processed until User withdraws consent to their processing, request to remove or limit their processing, object to their processing and\/or request their transfer, or due to the liquidation of the company activity.<\/li>\n<li>The Controller collects Personal Data provided voluntarily by the User. Collected Personal Data includes: name, surname, email address and contact telephone number. Users are not obliged to provide these data. Providing these data is not a statutory or contractual requirement. Failure to provide these data may result in inability to take actions aimed at concluding a contract, inability to perform this contract (i.e. placing and executing an order) and take actions related to it, as well as fulfilling legal obligations incumbent on the Controller.<\/li>\n<li>The recipients of Personal Data are: entities cooperating with the Controller in the scope of the Controller\u2019s activity (Fideltronik SA,\u00a0 Fideltronik Poland Sp.z o.o., Fitech Software Sp. z o.o., AiRob S.A.); entities providing services to the Controller\u2019s (e.g. accountants, IT, legal, capital group members), state authorities.<\/li>\n<\/ol>\n<h2 style=\"text-align: center;\"><strong> \u00a7<\/strong><strong>2<\/strong><\/h2>\n<h2 style=\"text-align: center;\"><strong>Data change or cancellation<\/strong><\/h2>\n<p>&nbsp;<\/p>\n<ol>\n<li>Users have the right to:\n<ol>\n<li>withdraw consent at any time (but this does not affect the lawfulness of the processing of Personal Data before withdrawing consent and the lawfulness of the processing of Personal Data on legal grounds other than consent);<\/li>\n<li>object to the processing of their Personal Data;<\/li>\n<li>demand access to his\/her Personal Data, rectification and erasure of his\/her Personal Data and demand limitation of the processing of his\/her Personal Data and their transfer;<\/li>\n<li>file a complaint to the supervisory authority (the President of the Office for Personal Data Protection).<\/li>\n<\/ol>\n<\/li>\n<li>In order to exercise User\u2019s rights please contact the Controller by sending an email to <a href=\"mailto:sales@fideltronik.com\">office@fitech.pl<\/a>. Upon User\u2019s request the Controller will process User\u2019s request within 30 days of receiving User\u2019s message and inform the User about Controller\u2019s activities in a\u00a0separate e-mail sent to the e-mail address indicated in the form.<\/li>\n<\/ol>\n<p>&nbsp;<\/p>\n<h2 style=\"text-align: center;\"><strong>\u00a73<\/strong><\/h2>\n<h2 style=\"text-align: center;\"><strong>Security and storage of Personal Data<\/strong><\/h2>\n<p>&nbsp;<\/p>\n<ol>\n<li>For the security of entrusted Personal Data, internal procedures and recommendations have been developed to prevent unauthorized access to Personal Data. the Controller monitors performance and constantly validates their compliance with the provisions of the Personal Data Protection Law and executive acts. A secure communication encryption protocol (SSL) is\u00a0also used.<\/li>\n<li>the Controller follows strict security procedures to ensure that User\u2019s Personal Data is not damaged, destroyed, or disclosed to a third party without User\u2019s permission and to prevent unauthorized access to it. Devices storing Personal Data are kept in a secure facility with restricted physical access and we use secure firewalls and other measures to restrict electronic access.<\/li>\n<li>All of the Personal Data we collect or record is restricted to the Controller\u2019s offices. Only employees who need the information to perform a specific job are granted access to the User\u2019s Personal Data.<\/li>\n<\/ol>\n<p><strong>\u00a0<\/strong><\/p>\n<h2 style=\"text-align: center;\"><strong> \u00a7<\/strong><strong>4<\/strong><\/h2>\n<h2 style=\"text-align: center;\"><strong>Use of cookies<\/strong><\/h2>\n<p>&nbsp;<\/p>\n<ol>\n<li>Our Site uses cookies. The parameters allow to read information contained in them only to the server that created them. Cookies allow the use of previously visited websites.<\/li>\n<li>Our cookies do not identify nor contain any Personal Data. Cookies cannot read information from User\u2019s computer or interact with other cookies on User\u2019s hard drive.<\/li>\n<li>The information collected relates to the IP address, type of browser used, language, type of operating system, Internet service provider, time and date, location and information sent to the website via the contact form.<\/li>\n<li>The collected Personal Data is used to monitor the use of our Site to improve its functioning, ensuring more effective and problem-free navigation. We monitor information about the user through Google Analytics, which records user\u2019s behavior on the Site. Users can opt out from being tracked by Google Analytics with effect for the future by downloading and installing Google Analytics Opt-out Browser Addon for User\u2019s current web browser: <a href=\"https:\/\/tools.google.com\/dlpage\/gaoptout?hl=en\">https:\/\/tools.google.com\/dlpage\/gaoptout?hl=en<\/a><\/li>\n<li>On our Site we use the following cookies:\n<ol>\n<li>&#8220;Performance&#8221; cookies, enabling the collection of information about the use of the Site;<\/li>\n<li>&#8220;Functional&#8221; cookies, allowing &#8220;remembering&#8221; the settings selected by the user and personalizing the user\u2019s interface, e.g. in terms of the language or region the user comes from, the size of the font, the appearance of the website, etc.;<\/li>\n<\/ol>\n<\/li>\n<li>Users may refuse the use of cookies by selecting the appropriate settings on User\u2019s browser, however please note that it may limit full functionality of this website.<\/li>\n<\/ol>\n<p>&nbsp;<\/p>\n<h2 style=\"text-align: center;\"><strong>\u00a75<\/strong><\/h2>\n<h2 style=\"text-align: center;\"><strong>Final provisions<\/strong><\/h2>\n<p>&nbsp;<\/p>\n<ol>\n<li>The Controller reserves the right to make changes to the Privacy Policy, which may be affected by the development of Internet technology, possible changes to the provisions of the Personal Data Protection Law and the development of the website and Services provided by the Controller. The Controller will inform Users about any changes in a visible and understandable way.<\/li>\n<li>On our Site, the links to other websites may appear. Such websites operate independently of the Controller and are not in any way supervised by the Controller of Personal Data. These sites may have their own privacy policies and regulations that we recommend to read.<\/li>\n<li>If in doubt about any of the provisions of this Privacy Policy, we are available at:\u00a0<a href=\"mailto:office@fitech.pl\">office@fitech.pl<\/a>.<\/li>\n<\/ol>\n<p>&nbsp;<\/p>\n<h1 style=\"text-align: center;\">Fitech Software Privacy Policy<\/h1>\n<p>&nbsp;<\/p>\n<h2 style=\"text-align: center;\"><strong style=\"font-size: 16px;\">\u00a71<\/strong><\/h2>\n<h2 style=\"text-align: center;\"><strong>General Information<\/strong><\/h2>\n<p>&nbsp;<\/p>\n<ol>\n<li>This page informs Users of our privacy policy regarding the collection, use and disclosure of\u00a0Personal Information (\u201c<strong>Personal<\/strong> <strong>Data<\/strong>\u201d) we receive from customers and users of http:\/\/www.fitech.pl (hereinafter: the \u201c<strong>Site<\/strong>\u201d). Customers and users shall be referred to collectively as \u201c<strong>Users<\/strong>\u201d. Like many website operators, we collect information that users intentionally provide upon filling a contact form or provided by \u201ccookies\u201d.<\/li>\n<li>The controller of Personal Data is Fitech Software Sp. z o. o. with the registered seat in\u00a0Krakow 31-564, Aleja Pokoju 18C, entered into the Register of Entrepreneurs of the National Court Register kept by the District Court for Krak\u00f3w \u2013 \u015ar\u00f3dmie\u015bcie in Krak\u00f3w, 11th Commercial Department of the National Court Register under KRS No. 0001097427, NIP:\u00a06751796882, REGON: 528214577 with share capital of PLN 100,000.00 (hereinafter: the &#8220;<strong>Controller<\/strong>&#8220;).<\/li>\n<li>The legal grounds for the processing of Personal Data are:\n<ol>\n<li>the necessity to perform a contract to which User is a party or to which User is\u00a0a\u00a0representative, or to take action at User\u2019s request, prior to the conclusion of the contract (Article 6(1)(b) of the GDPR) &#8211; e.g. placing an order and its performance;<\/li>\n<li>the necessity to fulfil the legal obligation incumbent on the Controller (Article 6(1)(c) of the GDPR) &#8211; e.g. payment of tax on the completed agreement;<\/li>\n<li>User\u2019s expressed consent (Article 6(1)(a) of the GDPR);<\/li>\n<li>the necessity for the purposes of the legitimate interests pursued by the Controller (Article 6(1)(f) of the GDPR).<\/li>\n<\/ol>\n<\/li>\n<li>The purpose of the processing of Personal Data is:\n<ol>\n<li>taking actions aimed at concluding a contract (e.g. handling User\u2019s order and User &#8211; Controller communication);<\/li>\n<li>performance of the agreement (e.g. providing services);<\/li>\n<li>conducting marketing activities (e.g. sending newsletters, trade offers, information about promotional actions, competitions and other events) &#8211; only if User agrees to them;<\/li>\n<li>protection of the legitimate interests pursued by the Controller.<\/li>\n<\/ol>\n<\/li>\n<li>Personal Data will be stored for the time necessary to perform the activities referred to in section 4 above and 7 years after their completion (the limitation period for claims), unless the applicable provisions of law impose on the Controller the obligation or right to store Personal Data for a longer period of time. Personal Data stored for the purposes of sending commercial information and direct marketing will be stored and processed until User withdraws consent to their processing, request to remove or limit their processing, object to their processing and\/or request their transfer, or due to the liquidation of the company activity.<\/li>\n<li>The Controller collects Personal Data provided voluntarily by the User. Collected Personal Data includes: name, surname, email address and contact telephone number. Users are not obliged to provide these data. Providing these data is not a statutory or contractual requirement. Failure to provide these data may result in inability to take actions aimed at concluding a contract, inability to perform this contract (i.e. placing and executing an order) and take actions related to it, as well as fulfilling legal obligations incumbent on the Controller.<\/li>\n<li>The recipients of Personal Data are: entities cooperating with the Controller in the scope of the Controller\u2019s activity (Fideltronik SA,\u00a0 Fideltronik Poland Sp.z o.o., Fitech Sp. z o.o., AiRob S.A.); entities providing services to the Controller\u2019s (e.g. accountants, IT, legal, capital group members), state authorities.<\/li>\n<\/ol>\n<h2 style=\"text-align: center;\"><strong> \u00a7<\/strong><strong>2<\/strong><\/h2>\n<h2 style=\"text-align: center;\"><strong>Data change or cancellation<\/strong><\/h2>\n<p>&nbsp;<\/p>\n<ol>\n<li>Users have the right to:\n<ol>\n<li>withdraw consent at any time (but this does not affect the lawfulness of the processing of Personal Data before withdrawing consent and the lawfulness of the processing of Personal Data on legal grounds other than consent);<\/li>\n<li>object to the processing of their Personal Data;<\/li>\n<li>demand access to his\/her Personal Data, rectification and erasure of his\/her Personal Data and demand limitation of the processing of his\/her Personal Data and their transfer;<\/li>\n<li>file a complaint to the supervisory authority (the President of the Office for Personal Data Protection).<\/li>\n<\/ol>\n<\/li>\n<li>In order to exercise User\u2019s rights please contact the Controller by sending an email to <a href=\"mailto:sales@fideltronik.com\">office@fitech.pl<\/a>. Upon User\u2019s request the Controller will process User\u2019s request within 30 days of receiving User\u2019s message and inform the User about Controller\u2019s activities in a\u00a0separate e-mail sent to the e-mail address indicated in the form.<\/li>\n<\/ol>\n<p>&nbsp;<\/p>\n<h2 style=\"text-align: center;\"><strong>\u00a73<\/strong><\/h2>\n<h2 style=\"text-align: center;\"><strong>Security and storage of Personal Data<\/strong><\/h2>\n<p>&nbsp;<\/p>\n<ol>\n<li>For the security of entrusted Personal Data, internal procedures and recommendations have been developed to prevent unauthorized access to Personal Data. the Controller monitors performance and constantly validates their compliance with the provisions of the Personal Data Protection Law and executive acts. A secure communication encryption protocol (SSL) is\u00a0also used.<\/li>\n<li>the Controller follows strict security procedures to ensure that User\u2019s Personal Data is not damaged, destroyed, or disclosed to a third party without User\u2019s permission and to prevent unauthorized access to it. Devices storing Personal Data are kept in a secure facility with restricted physical access and we use secure firewalls and other measures to restrict electronic access.<\/li>\n<li>All of the Personal Data we collect or record is restricted to the Controller\u2019s offices. Only employees who need the information to perform a specific job are granted access to the User\u2019s Personal Data.<\/li>\n<\/ol>\n<p><strong>\u00a0<\/strong><\/p>\n<h2 style=\"text-align: center;\"><strong> \u00a7<\/strong><strong>4<\/strong><\/h2>\n<h2 style=\"text-align: center;\"><strong>Use of cookies<\/strong><\/h2>\n<p>&nbsp;<\/p>\n<ol>\n<li>Our Site uses cookies. The parameters allow to read information contained in them only to the server that created them. Cookies allow the use of previously visited websites.<\/li>\n<li>Our cookies do not identify nor contain any Personal Data. Cookies cannot read information from User\u2019s computer or interact with other cookies on User\u2019s hard drive.<\/li>\n<li>The information collected relates to the IP address, type of browser used, language, type of operating system, Internet service provider, time and date, location and information sent to the website via the contact form.<\/li>\n<li>The collected Personal Data is used to monitor the use of our Site to improve its functioning, ensuring more effective and problem-free navigation. We monitor information about the user through Google Analytics, which records user\u2019s behavior on the Site. Users can opt out from being tracked by Google Analytics with effect for the future by downloading and installing Google Analytics Opt-out Browser Addon for User\u2019s current web browser: <a href=\"https:\/\/tools.google.com\/dlpage\/gaoptout?hl=en\">https:\/\/tools.google.com\/dlpage\/gaoptout?hl=en<\/a><\/li>\n<li>On our Site we use the following cookies:\n<ol>\n<li>&#8220;Performance&#8221; cookies, enabling the collection of information about the use of the Site;<\/li>\n<li>&#8220;Functional&#8221; cookies, allowing &#8220;remembering&#8221; the settings selected by the user and personalizing the user\u2019s interface, e.g. in terms of the language or region the user comes from, the size of the font, the appearance of the website, etc.;<\/li>\n<\/ol>\n<\/li>\n<li>Users may refuse the use of cookies by selecting the appropriate settings on User\u2019s browser, however please note that it may limit full functionality of this website.<\/li>\n<\/ol>\n<p>&nbsp;<\/p>\n<h2 style=\"text-align: center;\"><strong>\u00a75<\/strong><\/h2>\n<h2 style=\"text-align: center;\"><strong>Final provisions<\/strong><\/h2>\n<p>&nbsp;<\/p>\n<ol>\n<li>The Controller reserves the right to make changes to the Privacy Policy, which may be affected by the development of Internet technology, possible changes to the provisions of the Personal Data Protection Law and the development of the website and Services provided by the Controller. The Controller will inform Users about any changes in a visible and understandable way.<\/li>\n<li>On our Site, the links to other websites may appear. Such websites operate independently of the Controller and are not in any way supervised by the Controller of Personal Data. These sites may have their own privacy policies and regulations that we recommend to read.<\/li>\n<li>If in doubt about any of the provisions of this Privacy Policy, we are available at:\u00a0<a href=\"mailto:office@fitech.pl\">office@fitech.pl<\/a>.<\/li>\n<\/ol>\n<p>[\/vc_column_text][\/vc_column][\/vc_row][vc_row el_class=&#8221;section-mg cta-wrap&#8221; css=&#8221;.vc_custom_1621938655434{background-image: url(https:\/\/fitech.pl\/wp-content\/uploads\/2021\/01\/Group-1862.jpg?id=286) !important;background-position: center !important;background-repeat: no-repeat !important;background-size: cover !important;}&#8221;][vc_column][vc_row_inner][vc_column_inner][vc_column_text]Be part of our engineering team. We wait for you![\/vc_column_text][vc_btn title=&#8221;JOIN US&#8221; color=&#8221;primary&#8221; link=&#8221;url:https%3A%2F%2Ffitech.pl%2F%3Fpage_id%3D1139|title:Career&#8221;][\/vc_column_inner][\/vc_row_inner][vc_raw_html]JTNDYSUyMGhyZWYlM0QlMjJodHRwcyUzQSUyRiUyRnd3dy5saW5rZWRpbi5jb20lMkZjb21wYW55JTJGZml0ZWNoLXBsJTJGJTNGdmlld0FzTWVtYmVyJTNEdHJ1ZSUyMiUyMHRhcmdldCUzRCUyMl9ibGFuayUyMiUzRSUzQ2RpdiUyMGNsYXNzJTNEJTIybGlua2VkaW4taWNvbi1zaWRlLXdyYXBwZXIlMjBzaWRlLXBhbmVsJTIyJTNFJTBBJTNDaW1nJTIwY2xhc3MlM0QlMjJsaW5rZWRpbi1pY29uLXNpZGUlMjIlMjBzcmMlM0QlMjJodHRwJTNBJTJGJTJGZml0ZWNoLnBsJTJGd3AtY29udGVudCUyRnVwbG9hZHMlMkYyMDIxJTJGMDElMkZMaW5rZWRJbl9feDI4X2FsdF94MjlfLnN2ZyUyMiUzRSUwQSUzQyUyRmRpdiUzRSUwQSUzQyUyRmElM0U=[\/vc_raw_html][\/vc_column][\/vc_row]<\/p>\n","protected":false},"excerpt":{"rendered":"<p>[vc_row el_class=&#8221;slider-wrapper mt-menu desktop desktop-slid one-line&#8221; css=&#8221;.vc_custom_1628503648653{background-image: url(https:\/\/fitech.pl\/wp-content\/uploads\/2021\/01\/Mask-Group-225.jpg?id=776) !important;background-position: center !important;background-repeat: no-repeat !important;background-size: cover !important;}&#8221;][vc_column][vc_row_inner el_class=&#8221;relative slid-cont&#8221;][vc_column_inner][vc_single_image image=&#8221;248&#8243; img_size=&#8221;full&#8221; alignment=&#8221;right&#8221; el_class=&#8221;white-block&#8221;][vc_raw_html]JTNDZGl2JTIwY2xhc3MlM0QlMjJzbGlkZXItdGV4dCUyMiUzRSUwQSUzQ2RpdiUyMGNsYXNzJTNEJTIyYWJzb2x1dGUlMjB0aXRsZSUyMHRpdGxlLXNpbXBsZSUyMiUzRSUwQSUzQ2g0JTIwY2xhc3MlM0QlMjJzbGlkLWNhcCUyMiUzRVByaXZhY3klMjBQb2xpY3klM0MlMkZoNCUzRSUwQSUzQyUyRmRpdiUzRSUwQSUzQyUyRmRpdiUzRQ==[\/vc_raw_html][\/vc_column_inner][\/vc_row_inner][\/vc_column][\/vc_row][vc_row el_class=&#8221;slider-wrapper mt-menu tablet relative one-line&#8221; css=&#8221;.vc_custom_1628503781543{background-position: center !important;background-repeat: no-repeat !important;background-size: cover !important;}&#8221;][vc_column][vc_single_image image=&#8221;776&#8243; img_size=&#8221;full&#8221; alignment=&#8221;right&#8221; el_class=&#8221;tablet&#8221;][vc_row_inner el_class=&#8221;relative&#8221;][vc_column_inner][vc_raw_html]JTNDZGl2JTIwY2xhc3MlM0QlMjJ0YWJsZXQtY29udCUyMiUzRSUwQSUzQ2ltZyUyMHNyYyUzRCUyMmh0dHBzJTNBJTJGJTJGd2ViZmFsY29uLnBsJTJGZGVtbyUyRmZpdGVjaDIlMkZ3cC1jb250ZW50JTJGdXBsb2FkcyUyRjIwMjElMkYwNyUyRjExLnBuZyUyMiUyMGNsYXNzJTNEJTIyd2hpdGUlMjIlM0UlMEElM0NwJTNFUHJpdmFjeSUyMFBvbGljeSUzQyUyRnAlM0UlMEElM0MlMkZkaXYlM0UlMEElMEE=[\/vc_raw_html][\/vc_column_inner][\/vc_row_inner][\/vc_column][\/vc_row][vc_row el_class=&#8221;slider-wrapper mt-menu mobile&#8221; css=&#8221;.vc_custom_1625821349706{background-position: center !important;background-repeat: no-repeat !important;background-size: cover !important;}&#8221;][vc_column][vc_single_image image=&#8221;776&#8243; img_size=&#8221;full&#8221; el_class=&#8221;mobile&#8221;][vc_raw_html]JTNDZGl2JTIwY2xhc3MlM0QlMjJtb2JpbGUtY29udCUyMiUzRSUwQSUzQ2ltZyUyMHNyYyUzRCUyMmh0dHBzJTNBJTJGJTJGd2ViZmFsY29uLnBsJTJGZGVtbyUyRmZpdGVjaDIlMkZ3cC1jb250ZW50JTJGdXBsb2FkcyUyRjIwMjElMkYwNyUyRjEyLnBuZyUyMiUyMGNsYXNzJTNEJTIyd2hpdGUlMjIlM0UlMEElM0NwJTNFUHJpdmFjeSUyMFBvbGljeSUzQyUyRnAlM0UlMEElM0MlMkZkaXYlM0UlMEElMEE=[\/vc_raw_html][\/vc_column][\/vc_row][vc_row css=&#8221;.vc_custom_1609989316348{background-color: #f2f2f2 !important;}&#8221; el_class=&#8221;two-side-padded-row [&hellip;]<\/p>\n","protected":false},"author":1,"featured_media":0,"parent":0,"menu_order":0,"comment_status":"closed","ping_status":"closed","template":"","meta":{"_seopress_robots_primary_cat":"","_seopress_titles_title":"","_seopress_titles_desc":"","_seopress_robots_index":"","inline_featured_image":false,"footnotes":""},"class_list":["post-1142","page","type-page","status-publish","hentry"],"_links":{"self":[{"href":"https:\/\/fitech.pl\/en\/wp-json\/wp\/v2\/pages\/1142","targetHints":{"allow":["GET"]}}],"collection":[{"href":"https:\/\/fitech.pl\/en\/wp-json\/wp\/v2\/pages"}],"about":[{"href":"https:\/\/fitech.pl\/en\/wp-json\/wp\/v2\/types\/page"}],"author":[{"embeddable":true,"href":"https:\/\/fitech.pl\/en\/wp-json\/wp\/v2\/users\/1"}],"replies":[{"embeddable":true,"href":"https:\/\/fitech.pl\/en\/wp-json\/wp\/v2\/comments?post=1142"}],"version-history":[{"count":16,"href":"https:\/\/fitech.pl\/en\/wp-json\/wp\/v2\/pages\/1142\/revisions"}],"predecessor-version":[{"id":3444,"href":"https:\/\/fitech.pl\/en\/wp-json\/wp\/v2\/pages\/1142\/revisions\/3444"}],"wp:attachment":[{"href":"https:\/\/fitech.pl\/en\/wp-json\/wp\/v2\/media?parent=1142"}],"curies":[{"name":"wp","href":"https:\/\/api.w.org\/{rel}","templated":true}]}}